{"id":51312,"date":"2025-07-19T11:31:48","date_gmt":"2025-07-19T09:31:48","guid":{"rendered":"https:\/\/www.hotel-pfennigskrug.de\/pfennigskrug-herford-speisekarte\/"},"modified":"2025-07-19T11:31:52","modified_gmt":"2025-07-19T09:31:52","slug":"pfennigskrug-herford-menu","status":"publish","type":"page","link":"https:\/\/www.hotel-pfennigskrug.de\/en\/pfennigskrug-herford-menu\/","title":{"rendered":"Pfennigskrug Herford Menu"},"content":{"rendered":"<p>[et_pb_section fb_built=&#8221;1&#8243; fullwidth=&#8221;on&#8221; disabled_on=&#8221;off|off|off&#8221; _builder_version=&#8221;4.16&#8243; _module_preset=&#8221;default&#8221; global_colors_info=&#8221;{}&#8221;][et_pb_fullwidth_image src=&#8221;https:\/\/www.hotel-pfennigskrug.de\/wp-content\/uploads\/restaurant-herford.jpg&#8221; alt=&#8221;Unser Restaurant in Herford &#8211; Speisekarte&#8221; title_text=&#8221;Hotel Pfennigskrug &#8211; Speisekarte&#8221; _builder_version=&#8221;4.16&#8243; _module_preset=&#8221;default&#8221; global_colors_info=&#8221;{}&#8221;][\/et_pb_fullwidth_image][\/et_pb_section][et_pb_section fb_built=&#8221;1&#8243; admin_label=&#8221;Section&#8221; _builder_version=&#8221;4.16&#8243; _module_preset=&#8221;default&#8221; background_enable_image=&#8221;off&#8221; global_colors_info=&#8221;{}&#8221;][et_pb_row admin_label=&#8221;Row&#8221; _builder_version=&#8221;4.16&#8243; _module_preset=&#8221;default&#8221; background_color=&#8221;#FFFFFF&#8221; custom_padding=&#8221;|10px||10px|false|false&#8221; border_radii=&#8221;on|25px|25px|25px|25px&#8221; global_colors_info=&#8221;{}&#8221;][et_pb_column type=&#8221;4_4&#8243; _builder_version=&#8221;4.16&#8243; _module_preset=&#8221;default&#8221; global_colors_info=&#8221;{}&#8221;][et_pb_text admin_label=&#8221;Unsere Speisekarte&#8221; _builder_version=&#8221;4.16&#8243; _module_preset=&#8221;default&#8221; header_2_text_color=&#8221;gcid-1459d164-259f-415e-bf83-12220f641b0c&#8221; global_colors_info=&#8221;{%22gcid-1459d164-259f-415e-bf83-12220f641b0c%22:%91%93}&#8221;]<\/p>\n<h1>Our menu<\/h1>\n<p>[\/et_pb_text][et_pb_text _builder_version=&#8221;4.21.0&#8243; _module_preset=&#8221;default&#8221; global_colors_info=&#8221;{%22gcid-1459d164-259f-415e-bf83-12220f641b0c%22:%91%93}&#8221;]<\/p>\n<p>Dear guests,<\/p>\n<p>our kitchen is open for you from Monday to Saturday in the time from 6 to 8:30 pm, outside these hours also by appointment for larger groups.<\/p>\n<p>[\/et_pb_text][et_pb_button button_url=&#8221;https:\/\/www.hotel-pfennigskrug.de\/en\/contact\/&#8221; button_text=&#8221;To the contact form&#8221; button_alignment=&#8221;left&#8221; admin_label=&#8221;BTN To the contact form&#8221; _builder_version=&#8221;4.13.0&#8243; _module_preset=&#8221;default&#8221; button_icon=&#8221;&#x45;||divi||400&#8243; button_icon_placement=&#8221;left&#8221; button_on_hover=&#8221;off&#8221; custom_padding=&#8221;|||40px|false|false&#8221; global_module=&#8221;51771&#8243; saved_tabs=&#8221;all&#8221; global_colors_info=&#8221;{}&#8221;][\/et_pb_button][et_pb_text disabled_on=&#8221;on|on|on&#8221; admin_label=&#8221;Warme K\u00fcche im Pfennigskrug:&#8221; _builder_version=&#8221;4.16&#8243; _module_preset=&#8221;default&#8221; header_2_text_color=&#8221;gcid-1459d164-259f-415e-bf83-12220f641b0c&#8221; disabled=&#8221;on&#8221; global_colors_info=&#8221;{%22gcid-1459d164-259f-415e-bf83-12220f641b0c%22:%91%93}&#8221;]<\/p>\n<p>Warme K\u00fcche im Pfennigskrug: Auf unserer Speisekarte finden Sie unter anderem &#8220;Feines zum Ausl\u00f6ffeln&#8221;, Salate &amp; Pasta, Burger- und Schnitzelvaritationen, Fisch, Gefl\u00fcgel und vieles mehr. Tipp: Hier geht&#8217;s zur <a href=\"https:\/\/www.hotel-pfennigskrug.de\/en\/table-reservation\/\">Tischreservierung<\/a>. Alle Preise nat\u00fcrlich inkl. MwSt. und Bedienung.<\/p>\n<p>[\/et_pb_text][\/et_pb_column][\/et_pb_row][et_pb_row column_structure=&#8221;1_5,3_5,1_5&#8243; disabled_on=&#8221;on|on|on&#8221; admin_label=&#8221;Karte Deutsch&#8221; _builder_version=&#8221;4.16&#8243; _module_preset=&#8221;default&#8221; background_enable_color=&#8221;off&#8221; background_image=&#8221;https:\/\/www.hotel-pfennigskrug.de\/wp-content\/uploads\/hintergrund-papier-medium-hell.jpg&#8221; width_tablet=&#8221;&#8221; width_phone=&#8221;90%&#8221; width_last_edited=&#8221;on|phone&#8221; custom_margin=&#8221;40px||||false|false&#8221; custom_padding=&#8221;|5px||5px|false|false&#8221; border_radii=&#8221;on|25px|25px|25px|25px&#8221; box_shadow_style=&#8221;preset2&#8243; disabled=&#8221;on&#8221; global_colors_info=&#8221;{}&#8221;][et_pb_column type=&#8221;1_5&#8243; _builder_version=&#8221;4.16&#8243; _module_preset=&#8221;default&#8221; global_colors_info=&#8221;{}&#8221;][\/et_pb_column][et_pb_column type=&#8221;3_5&#8243; _builder_version=&#8221;4.16&#8243; _module_preset=&#8221;default&#8221; global_colors_info=&#8221;{}&#8221;][et_pb_text admin_label=&#8221;Auswahlkarte&#8221; _builder_version=&#8221;4.16&#8243; _module_preset=&#8221;default&#8221; header_text_color=&#8221;gcid-1459d164-259f-415e-bf83-12220f641b0c&#8221; header_2_font=&#8221;|600||on|||||&#8221; header_2_text_color=&#8221;gcid-1459d164-259f-415e-bf83-12220f641b0c&#8221; global_colors_info=&#8221;{%22gcid-1459d164-259f-415e-bf83-12220f641b0c%22:%91%93}&#8221;]<\/p>\n<h2 style=\"text-align: center;\">Auswahlkarte<\/h2>\n<p>[\/et_pb_text][dsm_icon_divider use_icon=&#8221;on&#8221; font_icon=&#8221;%%2682%%&#8221; use_icon_font_size=&#8221;on&#8221; icon_font_size=&#8221;60px&#8221; admin_label=&#8221;Teiler Messer &#038; Gabel&#8221; _builder_version=&#8221;4.16&#8243; _module_preset=&#8221;default&#8221; global_colors_info=&#8221;{}&#8221;][\/dsm_icon_divider][dsm_pricelist admin_label=&#8221;Gatensalatteller&#8221; _builder_version=&#8221;4.16&#8243; _module_preset=&#8221;_initial&#8221; global_colors_info=&#8221;{}&#8221;][dsm_pricelist_child price=&#8221;\u20ac9,20&#8243; title=&#8221;Gartensalatteller&#8221; _builder_version=&#8221;4.16&#8243; _module_preset=&#8221;default&#8221; global_colors_info=&#8221;{}&#8221;]<\/p>\n<p>Bunter Salatteller mit Blattsalaten, Gurken, Tomaten und Paprika<\/p>\n<p>Wahlweise mit:<br \/>H\u00e4hnchenbruststreifen m. Curry-Honig-Marinade <strong>\u20ac12,60<br \/><\/strong>Mini-Fr\u00fchlingsrollen <strong>\u20ac11,40<\/strong><strong><\/strong><\/p>\n<p>Serviert werden alle Salate mit unserem Hausdressing<\/p>\n<p>[\/dsm_pricelist_child][\/dsm_pricelist][dsm_pricelist admin_label=&#8221;Teil 2&#8243; _builder_version=&#8221;4.16&#8243; _module_preset=&#8221;default&#8221; global_colors_info=&#8221;{}&#8221;][dsm_pricelist_child price=&#8221;\u20ac10,70&#8243; title=&#8221;Nudeln \u201eal Arabbiata&#8221; _builder_version=&#8221;4.16&#8243; _module_preset=&#8221;default&#8221; global_colors_info=&#8221;{}&#8221;]<\/p>\n<p>Tomatenragout mit Zwiebeln, Peperoni und Parmesan, dazu Blattsalate <\/p>\n<p>[\/dsm_pricelist_child][dsm_pricelist_child price=&#8221;\u20ac12,80&#8243; title=&#8221;Angus Burger&#8221; _builder_version=&#8221;4.16&#8243; _module_preset=&#8221;default&#8221; global_colors_info=&#8221;{}&#8221;]<\/p>\n<p>im Brioche-B\u00f6tchen, mit Zwiebelchutney, Tomate, Gurke und Salat, dazu Super Crunch Pommes <\/p>\n<p>[\/dsm_pricelist_child][dsm_pricelist_child price=&#8221;\u20ac17,60&#8243; title=&#8221;Schnitzel \u201eSchlemmer Art\u201c&#8221; _builder_version=&#8221;4.16&#8243; _module_preset=&#8221;default&#8221; global_colors_info=&#8221;{}&#8221;]<\/p>\n<p>Schnitzel mit Pilzen und K\u00e4se \u00fcberbacken, dazu Pommes Frites und ein kleiner Salatteller. <br \/>Kleine Portion: <strong>\u20ac12,60<\/strong><\/p>\n<p>[\/dsm_pricelist_child][dsm_pricelist_child price=&#8221;\u20ac16,10&#8243; title=&#8221;\u201eRegensburger Schnitzel\u201c&#8221; _builder_version=&#8221;4.16&#8243; _module_preset=&#8221;default&#8221; global_colors_info=&#8221;{}&#8221;]<\/p>\n<p>in einer Marinade aus s\u00fc\u00dfem Senf und Laugenbr\u00f6tchen-Panade, mit Preiselbeeren, Pommes frites und einem Gartensalatteller<br \/>Kleine Portion: <strong>\u20ac11,90<\/strong><\/p>\n<p>[\/dsm_pricelist_child][dsm_pricelist_child price=&#8221;\u20ac12,30&#8243; title=&#8221;Matjes \u201eHausfrauen Art\u201c&#8221; _builder_version=&#8221;4.16&#8243; _module_preset=&#8221;default&#8221; global_colors_info=&#8221;{}&#8221;]<\/p>\n<p>milde Matjesfilets mit einer Apfel-Gurken-Marinade und Bratkartoffeln<br \/><span>Kleine Portion: <strong>\u20ac9,80<\/strong><\/span><\/p>\n<p>[\/dsm_pricelist_child][dsm_pricelist_child price=&#8221;\u20ac9,20&#8243; title=&#8221;Burrito&#8221; _builder_version=&#8221;4.16&#8243; _module_preset=&#8221;default&#8221; global_colors_info=&#8221;{}&#8221;]<\/p>\n<p>Weizentortilla herzhaft gef\u00fcllt mit Tomaten-Hackfleischso\u00dfe mit Kidneybohnen und Mais, mit K\u00e4se \u00fcberbacken, dazu ein kleiner Gartensalat <\/p>\n<p>[\/dsm_pricelist_child][\/dsm_pricelist][\/et_pb_column][et_pb_column type=&#8221;1_5&#8243; _builder_version=&#8221;4.16&#8243; _module_preset=&#8221;default&#8221; global_colors_info=&#8221;{}&#8221;][\/et_pb_column][\/et_pb_row][et_pb_row column_structure=&#8221;1_5,3_5,1_5&#8243; disabled_on=&#8221;on|on|on&#8221; admin_label=&#8221;Variante&#8221; _builder_version=&#8221;4.16&#8243; _module_preset=&#8221;default&#8221; background_enable_color=&#8221;off&#8221; background_image=&#8221;https:\/\/www.hotel-pfennigskrug.de\/wp-content\/uploads\/hintergrund-papier-medium-hell.jpg&#8221; width_tablet=&#8221;&#8221; width_phone=&#8221;90%&#8221; width_last_edited=&#8221;on|phone&#8221; custom_margin=&#8221;40px||||false|false&#8221; custom_padding=&#8221;|5px||5px|false|false&#8221; border_radii=&#8221;on|25px|25px|25px|25px&#8221; box_shadow_style=&#8221;preset2&#8243; disabled=&#8221;on&#8221; global_colors_info=&#8221;{}&#8221;][et_pb_column type=&#8221;1_5&#8243; _builder_version=&#8221;4.16&#8243; _module_preset=&#8221;default&#8221; global_colors_info=&#8221;{}&#8221;][\/et_pb_column][et_pb_column type=&#8221;3_5&#8243; _builder_version=&#8221;4.16&#8243; _module_preset=&#8221;default&#8221; global_colors_info=&#8221;{}&#8221;][et_pb_text admin_label=&#8221;Auswahlkarte&#8221; _builder_version=&#8221;4.16&#8243; _module_preset=&#8221;default&#8221; header_text_color=&#8221;gcid-1459d164-259f-415e-bf83-12220f641b0c&#8221; header_2_font=&#8221;|600||on|||||&#8221; header_2_text_color=&#8221;gcid-1459d164-259f-415e-bf83-12220f641b0c&#8221; global_colors_info=&#8221;{%22gcid-1459d164-259f-415e-bf83-12220f641b0c%22:%91%93}&#8221;]<\/p>\n<h2 style=\"text-align: center;\">Auswahlkarte<\/h2>\n<p>[\/et_pb_text][dsm_icon_divider use_icon=&#8221;on&#8221; font_icon=&#8221;%%2682%%&#8221; use_icon_font_size=&#8221;on&#8221; icon_font_size=&#8221;60px&#8221; admin_label=&#8221;Teiler Messer &#038; Gabel&#8221; _builder_version=&#8221;4.16&#8243; _module_preset=&#8221;default&#8221; global_colors_info=&#8221;{}&#8221;][\/dsm_icon_divider][dsm_pricelist admin_label=&#8221;Gatensalatteller&#8221; _builder_version=&#8221;4.16&#8243; _module_preset=&#8221;_initial&#8221; global_colors_info=&#8221;{}&#8221;][dsm_pricelist_child price=&#8221;\u20ac9,20&#8243; title=&#8221;Gartensalatteller&#8221; _builder_version=&#8221;4.16&#8243; _module_preset=&#8221;default&#8221; global_colors_info=&#8221;{}&#8221;]<\/p>\n<p>Bunter Salatteller mit Blattsalaten, Gurken, Tomaten und Paprika<\/p>\n<p>[\/dsm_pricelist_child][dsm_pricelist_child price=&#8221;\u20ac12,60&#8243; title=&#8221;&#8230;wahlweise mit &#8221; _builder_version=&#8221;4.16&#8243; _module_preset=&#8221;default&#8221; global_colors_info=&#8221;{}&#8221;]<\/p>\n<p>H\u00e4hnchenbruststreifen mit Curry-Honig-Marinade<\/p>\n<p>[\/dsm_pricelist_child][dsm_pricelist_child price=&#8221;\u20ac11,40&#8243; title=&#8221;&#8230;oder mit&#8221; _builder_version=&#8221;4.16&#8243; _module_preset=&#8221;default&#8221; global_colors_info=&#8221;{}&#8221;]<\/p>\n<p>Mini-Fr\u00fchlingsrollen<\/p>\n<p>[\/dsm_pricelist_child][\/dsm_pricelist][et_pb_text admin_label=&#8221;Serviert werden alle Salate mit unserem Hausdressing&#8221; _builder_version=&#8221;4.16&#8243; _module_preset=&#8221;default&#8221; header_2_text_color=&#8221;gcid-1459d164-259f-415e-bf83-12220f641b0c&#8221; global_colors_info=&#8221;{%22gcid-1459d164-259f-415e-bf83-12220f641b0c%22:%91%93}&#8221;]<\/p>\n<p>Serviert werden alle Salate mit unserem Hausdressing <\/p>\n<p>[\/et_pb_text][dsm_icon_divider use_icon=&#8221;on&#8221; font_icon=&#8221;%%2682%%&#8221; use_icon_font_size=&#8221;on&#8221; icon_font_size=&#8221;60px&#8221; admin_label=&#8221;Teiler Messer &#038; Gabel&#8221; _builder_version=&#8221;4.16&#8243; _module_preset=&#8221;default&#8221; global_colors_info=&#8221;{}&#8221;][\/dsm_icon_divider][dsm_pricelist admin_label=&#8221;Teil 2&#8243; _builder_version=&#8221;4.16&#8243; _module_preset=&#8221;default&#8221; global_colors_info=&#8221;{}&#8221;][dsm_pricelist_child price=&#8221;\u20ac10,70&#8243; title=&#8221;Nudeln \u201eal Arabbiata&#8221; _builder_version=&#8221;4.16&#8243; _module_preset=&#8221;default&#8221; global_colors_info=&#8221;{}&#8221;]<\/p>\n<p>Tomatenragout mit Zwiebeln, Peperoni und Parmesan, dazu Blattsalate <\/p>\n<p>[\/dsm_pricelist_child][dsm_pricelist_child price=&#8221;\u20ac12,80&#8243; title=&#8221;Angus Burger&#8221; _builder_version=&#8221;4.16&#8243; _module_preset=&#8221;default&#8221; global_colors_info=&#8221;{}&#8221;]<\/p>\n<p>im Brioche-B\u00f6tchen, mit Zwiebelchutney, Tomate, Gurke und Salat, dazu Super Crunch Pommes <\/p>\n<p>[\/dsm_pricelist_child][dsm_pricelist_child price=&#8221;\u20ac17,60&#8243; title=&#8221;Schnitzel \u201eSchlemmer Art\u201c&#8221; _builder_version=&#8221;4.16&#8243; _module_preset=&#8221;default&#8221; global_colors_info=&#8221;{}&#8221;]<\/p>\n<p>Schnitzel mit Pilzen und K\u00e4se \u00fcberbacken, dazu Pommes Frites und ein kleiner Salatteller. <br \/>Kleine Portion: <strong>\u20ac12,60<\/strong><\/p>\n<p>[\/dsm_pricelist_child][dsm_pricelist_child price=&#8221;\u20ac16,10&#8243; title=&#8221;\u201eRegensburger Schnitzel\u201c&#8221; _builder_version=&#8221;4.16&#8243; _module_preset=&#8221;default&#8221; global_colors_info=&#8221;{}&#8221;]<\/p>\n<p>in einer Marinade aus s\u00fc\u00dfem Senf und Laugenbr\u00f6tchen-Panade, mit Preiselbeeren, Pommes frites und einem Gartensalatteller<br \/>Kleine Portion: <strong>\u20ac11,90<\/strong><\/p>\n<p>[\/dsm_pricelist_child][dsm_pricelist_child price=&#8221;\u20ac12,30&#8243; title=&#8221;Matjes \u201eHausfrauen Art\u201c&#8221; _builder_version=&#8221;4.16&#8243; _module_preset=&#8221;default&#8221; global_colors_info=&#8221;{}&#8221;]<\/p>\n<p>milde Matjesfilets mit einer Apfel-Gurken-Marinade und Bratkartoffeln<br \/><span>Kleine Portion: <strong>\u20ac9,80<\/strong><\/span><\/p>\n<p>[\/dsm_pricelist_child][dsm_pricelist_child price=&#8221;\u20ac9,20&#8243; title=&#8221;Burrito&#8221; _builder_version=&#8221;4.16&#8243; _module_preset=&#8221;default&#8221; global_colors_info=&#8221;{}&#8221;]<\/p>\n<p>Weizentortilla herzhaft gef\u00fcllt mit Tomaten-Hackfleischso\u00dfe mit Kidneybohnen und Mais, mit K\u00e4se \u00fcberbacken, dazu ein kleiner Gartensalat <\/p>\n<p>[\/dsm_pricelist_child][\/dsm_pricelist][\/et_pb_column][et_pb_column type=&#8221;1_5&#8243; _builder_version=&#8221;4.16&#8243; _module_preset=&#8221;default&#8221; global_colors_info=&#8221;{}&#8221;][\/et_pb_column][\/et_pb_row][\/et_pb_section]<\/p>\n","protected":false},"excerpt":{"rendered":"<p>Our menuDear guests, our kitchen is open for you from Monday to Saturday in the time from 6 to 8:30 pm, outside these hours also by appointment for larger groups.Warme K\u00fcche im Pfennigskrug: Auf unserer Speisekarte finden Sie unter anderem &#8220;Feines zum Ausl\u00f6ffeln&#8221;, Salate &amp; Pasta, Burger- und Schnitzelvaritationen, Fisch, Gefl\u00fcgel und vieles mehr. Tipp: Hier geht&#8217;s zur Tischreservierung. Alle Preise nat\u00fcrlich inkl. MwSt. und Bedienung.Auswahlkarte<div class=\"et_pb_module dsm_icon_divider dsm_icon_divider_0\">\n\t\t\t\t\n\t\t\t\t\n\t\t\t\t\n\t\t\t\t\n\t\t\t\t\n\t\t\t\t\n\t\t\t\t<div class=\"et_pb_module_inner\">\n\t\t\t\t\t<div class=\"dsm-icon-divider-wrapper dsm-icon-divider-align-center\">\n\t\t\t\t\n\t\t\t\t\n\t\t\t\t<div class=\"dsm-icon-divider-before dsm-divider\"><\/div>\n\t\t\t\t<div class=\"dsm-icon-divider-image\"><span class=\"dsm-icon-divider-image-wrap\"><span class=\"et-pb-icon\" style=\"color: #872438;\"><\/span><\/span><\/div>\n\t\t\t\t<div class=\"dsm-icon-divider-after dsm-divider\"><\/div>\n\t\t\t<\/div>\n\t\t\t\t<\/div>\n\t\t\t<\/div><div class=\"et_pb_module dsm_pricelist dsm_pricelist_0\">\n\t\t\t\t\n\t\t\t\t\n\t\t\t\t\n\t\t\t\t\n\t\t\t\t\n\t\t\t\t\n\t\t\t\t<div class=\"et_pb_module_inner\">\n\t\t\t\t\t<div class=\"dsm_pricelist\"><div class=\"dsm_pricelist_child dsm_pricelist_child_0\">\n\t\t\t\t\n\t\t\t\t\n\t\t\t\t\n\t\t\t\t\n\t\t\t\t\n\t\t\t\t\n\t\t\t\t<div class=\"et_pb_module_inner\">\n\t\t\t\t\t\n\t\t\t\n\t\t\t\n\t\t\t<div class=\"dsm_pricelist_item_wrapper\">\n\t\t\t\t<div class=\"dsm-pricelist-header\">\n\t\t\t\t\t<div class=\"dsm-pricelist-title et_pb_module_header\">Gartensalatteller<\/div>\n\t\t\t\t\t<div class=\"dsm-pricelist-separator\"><\/div>\n\t\t\t\t\t<div class=\"dsm-pricelist-price\">\u20ac9,20<\/div>\n\t\t\t\t<\/div>\n\t\t\t\t<div class=\"dsm-pricelist-description\">Bunter Salatteller mit Blattsalaten, Gurken, Tomaten und Paprika Wahlweise mit:H\u00e4hnchenbruststreifen m. Curry-Honig-Marinade \u20ac12,60Mini-Fr\u00fchlingsrollen \u20ac11,40 Serviert werden alle Salate mit unserem Hausdressing<\/div>\n\t\t\t\t\n\t\t\t<\/div>\n\t\t\t\t<\/div>\n\t\t\t<\/div><\/div>\n\t\t\t\t<\/div>\n\t\t\t<\/div><div class=\"et_pb_module dsm_pricelist dsm_pricelist_1\">\n\t\t\t\t\n\t\t\t\t\n\t\t\t\t\n\t\t\t\t\n\t\t\t\t\n\t\t\t\t\n\t\t\t\t<div class=\"et_pb_module_inner\">\n\t\t\t\t\t<div class=\"dsm_pricelist\"><\/div>\n\t\t\t\t<\/div>\n\t\t\t<\/div><div class=\"dsm_pricelist_child dsm_pricelist_child_1\">\n\t\t\t\t\n\t\t\t\t\n\t\t\t\t\n\t\t\t\t\n\t\t\t\t\n\t\t\t\t\n\t\t\t\t<div class=\"et_pb_module_inner\">\n\t\t\t\t\t\n\t\t\t\n\t\t\t\n\t\t\t<div class=\"dsm_pricelist_item_wrapper\">\n\t\t\t\t<div class=\"dsm-pricelist-header\">\n\t\t\t\t\t<div class=\"dsm-pricelist-title et_pb_module_header\">Nudeln \u201eal Arabbiata<\/div>\n\t\t\t\t\t<div class=\"dsm-pricelist-separator\"><\/div>\n\t\t\t\t\t<div class=\"dsm-pricelist-price\">\u20ac10,70<\/div>\n\t\t\t\t<\/div>\n\t\t\t\t<div class=\"dsm-pricelist-description\">Tomatenragout mit Zwiebeln, Peperoni und Parmesan, dazu Blattsalate <\/div>\n\t\t\t\t\n\t\t\t<\/div>\n\t\t\t\t<\/div>\n\t\t\t<\/div><div class=\"dsm_pricelist_child dsm_pricelist_child_2\">\n\t\t\t\t\n\t\t\t\t\n\t\t\t\t\n\t\t\t\t\n\t\t\t\t\n\t\t\t\t\n\t\t\t\t<div class=\"et_pb_module_inner\">\n\t\t\t\t\t\n\t\t\t\n\t\t\t\n\t\t\t<div class=\"dsm_pricelist_item_wrapper\">\n\t\t\t\t<div class=\"dsm-pricelist-header\">\n\t\t\t\t\t<div class=\"dsm-pricelist-title et_pb_module_header\">Angus Burger<\/div>\n\t\t\t\t\t<div class=\"dsm-pricelist-separator\"><\/div>\n\t\t\t\t\t<div class=\"dsm-pricelist-price\">\u20ac12,80<\/div>\n\t\t\t\t<\/div>\n\t\t\t\t<div class=\"dsm-pricelist-description\">im Brioche-B\u00f6tchen, mit Zwiebelchutney, Tomate, Gurke und Salat, dazu Super Crunch Pommes <\/div>\n\t\t\t\t\n\t\t\t<\/div>\n\t\t\t\t<\/div>\n\t\t\t<\/div><div class=\"dsm_pricelist_child dsm_pricelist_child_3\">\n\t\t\t\t\n\t\t\t\t\n\t\t\t\t\n\t\t\t\t\n\t\t\t\t\n\t\t\t\t\n\t\t\t\t<div class=\"et_pb_module_inner\">\n\t\t\t\t\t\n\t\t\t\n\t\t\t\n\t\t\t<div class=\"dsm_pricelist_item_wrapper\">\n\t\t\t\t<div class=\"dsm-pricelist-header\">\n\t\t\t\t\t<div class=\"dsm-pricelist-title et_pb_module_header\">Schnitzel \u201eSchlemmer Art\u201c<\/div>\n\t\t\t\t\t<div class=\"dsm-pricelist-separator\"><\/div>\n\t\t\t\t\t<div class=\"dsm-pricelist-price\">\u20ac17,60<\/div>\n\t\t\t\t<\/div>\n\t\t\t\t<div class=\"dsm-pricelist-description\">Schnitzel mit Pilzen und K\u00e4se \u00fcberbacken, dazu Pommes Frites und ein kleiner Salatteller. Kleine Portion: \u20ac12,60<\/div>\n\t\t\t\t\n\t\t\t<\/div>\n\t\t\t\t<\/div>\n\t\t\t<\/div><div class=\"dsm_pricelist_child dsm_pricelist_child_4\">\n\t\t\t\t\n\t\t\t\t\n\t\t\t\t\n\t\t\t\t\n\t\t\t\t\n\t\t\t\t\n\t\t\t\t<div class=\"et_pb_module_inner\">\n\t\t\t\t\t\n\t\t\t\n\t\t\t\n\t\t\t<div class=\"dsm_pricelist_item_wrapper\">\n\t\t\t\t<div class=\"dsm-pricelist-header\">\n\t\t\t\t\t<div class=\"dsm-pricelist-title et_pb_module_header\">\u201eRegensburger Schnitzel\u201c<\/div>\n\t\t\t\t\t<div class=\"dsm-pricelist-separator\"><\/div>\n\t\t\t\t\t<div class=\"dsm-pricelist-price\">\u20ac16,10<\/div>\n\t\t\t\t<\/div>\n\t\t\t\t<div class=\"dsm-pricelist-description\">in einer Marinade aus s\u00fc\u00dfem Senf und Laugenbr\u00f6tchen-Panade, mit Preiselbeeren, Pommes frites und einem GartensalattellerKleine Portion: \u20ac11,90<\/div>\n\t\t\t\t\n\t\t\t<\/div>\n\t\t\t\t<\/div>\n\t\t\t<\/div><div class=\"dsm_pricelist_child dsm_pricelist_child_5\">\n\t\t\t\t\n\t\t\t\t\n\t\t\t\t\n\t\t\t\t\n\t\t\t\t\n\t\t\t\t\n\t\t\t\t<div class=\"et_pb_module_inner\">\n\t\t\t\t\t\n\t\t\t\n\t\t\t\n\t\t\t<div class=\"dsm_pricelist_item_wrapper\">\n\t\t\t\t<div class=\"dsm-pricelist-header\">\n\t\t\t\t\t<div class=\"dsm-pricelist-title et_pb_module_header\">Matjes \u201eHausfrauen Art\u201c<\/div>\n\t\t\t\t\t<div class=\"dsm-pricelist-separator\"><\/div>\n\t\t\t\t\t<div class=\"dsm-pricelist-price\">\u20ac12,30<\/div>\n\t\t\t\t<\/div>\n\t\t\t\t\n\t\t\t\t\n\t\t\t<\/div>\n\t\t\t\t<\/div>\n\t\t\t<\/div>milde Matjesfilets mit einer Apfel-Gurken-Marinade und [&hellip;]<\/p>\n","protected":false},"author":1,"featured_media":0,"parent":0,"menu_order":0,"comment_status":"closed","ping_status":"closed","template":"","meta":{"_et_pb_use_builder":"on","_et_pb_old_content":"","_et_gb_content_width":"","footnotes":""},"class_list":["post-51312","page","type-page","status-publish","hentry"],"_links":{"self":[{"href":"https:\/\/www.hotel-pfennigskrug.de\/en\/wp-json\/wp\/v2\/pages\/51312","targetHints":{"allow":["GET"]}}],"collection":[{"href":"https:\/\/www.hotel-pfennigskrug.de\/en\/wp-json\/wp\/v2\/pages"}],"about":[{"href":"https:\/\/www.hotel-pfennigskrug.de\/en\/wp-json\/wp\/v2\/types\/page"}],"author":[{"embeddable":true,"href":"https:\/\/www.hotel-pfennigskrug.de\/en\/wp-json\/wp\/v2\/users\/1"}],"replies":[{"embeddable":true,"href":"https:\/\/www.hotel-pfennigskrug.de\/en\/wp-json\/wp\/v2\/comments?post=51312"}],"version-history":[{"count":25,"href":"https:\/\/www.hotel-pfennigskrug.de\/en\/wp-json\/wp\/v2\/pages\/51312\/revisions"}],"predecessor-version":[{"id":53871,"href":"https:\/\/www.hotel-pfennigskrug.de\/en\/wp-json\/wp\/v2\/pages\/51312\/revisions\/53871"}],"wp:attachment":[{"href":"https:\/\/www.hotel-pfennigskrug.de\/en\/wp-json\/wp\/v2\/media?parent=51312"}],"curies":[{"name":"wp","href":"https:\/\/api.w.org\/{rel}","templated":true}]}}